{"id":8086,"date":"2023-11-22T04:03:32","date_gmt":"2023-11-22T03:03:32","guid":{"rendered":"https:\/\/casparberger.com\/contact\/"},"modified":"2026-04-21T08:50:27","modified_gmt":"2026-04-21T07:50:27","slug":"contact","status":"publish","type":"page","link":"https:\/\/casparberger.com\/fr\/contact\/","title":{"rendered":"INFO"},"content":{"rendered":"\t\t<div data-elementor-type=\"wp-page\" data-elementor-id=\"8086\" class=\"elementor elementor-8086 elementor-504\" data-elementor-post-type=\"page\">\n\t\t\t\t<div class=\"elementor-element elementor-element-90d69bd e-flex e-con-boxed e-con e-parent\" data-id=\"90d69bd\" data-element_type=\"container\">\n\t\t\t\t\t<div class=\"e-con-inner\">\n\t\t<div class=\"elementor-element elementor-element-c6865dc e-con-full e-flex e-con e-child\" data-id=\"c6865dc\" data-element_type=\"container\">\n\t\t\t\t<div class=\"elementor-element elementor-element-e6c7614 elementor-widget elementor-widget-heading\" data-id=\"e6c7614\" data-element_type=\"widget\" data-widget_type=\"heading.default\">\n\t\t\t\t<div class=\"elementor-widget-container\">\n\t\t\t\t\t<h2 class=\"elementor-heading-title elementor-size-default\">Caspar Berger<\/h2>\t\t\t\t<\/div>\n\t\t\t\t<\/div>\n\t\t<div class=\"elementor-element elementor-element-04d204a e-con-full e-flex e-con e-child\" data-id=\"04d204a\" data-element_type=\"container\">\n\t\t<div class=\"elementor-element elementor-element-a6a8721 e-con-full e-flex e-con e-child\" data-id=\"a6a8721\" data-element_type=\"container\">\n\t\t\t\t<div class=\"elementor-element elementor-element-b3525a6 elementor-widget elementor-widget-text-editor\" data-id=\"b3525a6\" data-element_type=\"widget\" data-widget_type=\"text-editor.default\">\n\t\t\t\t<div class=\"elementor-widget-container\">\n\t\t\t\t\t\t\t\t\t<p>Caspar Berger fait de l&#8217;art conceptuel dans lequel l&#8217;actualit\u00e9 et l&#8217;histoire de l&#8217;art jouent un r\u00f4le majeur. L&#8217;autoportrait et son propre corps y sont souvent le point de d\u00e9part d&#8217;\u0153uvres d&#8217;art dans lesquelles des th\u00e8mes tels que la libert\u00e9, la mortalit\u00e9 et les syst\u00e8mes politiques (de croyance) jouent un r\u00f4le important. Pour ce faire, Berger utilise une grande vari\u00e9t\u00e9 de mat\u00e9riaux, notamment le bronze, l&#8217;argent, l&#8217;or, le silicone, l&#8217;\u00e9poxy, le bois et le feutre, ainsi que la vid\u00e9o et le multim\u00e9dia ou une combinaison de ceux-ci. L&#8217;\u0153uvre de Caspar Berger se divise en une s\u00e9rie de grandes s\u00e9ries, dont les th\u00e8mes sont les suivants : SKIN, SKELETON, UNIVERSE et SPIRIT.<\/p>\t\t\t\t\t\t\t\t<\/div>\n\t\t\t\t<\/div>\n\t\t\t\t<div class=\"elementor-element elementor-element-fb2b72e elementor-widget elementor-widget-text-editor\" data-id=\"fb2b72e\" data-element_type=\"widget\" data-widget_type=\"text-editor.default\">\n\t\t\t\t<div class=\"elementor-widget-container\">\n\t\t\t\t\t\t\t\t\t<p>Chez <a href=\"https:\/\/casparberger.com\/fr\/peau\/\">SKIN<\/a>, le point de d\u00e9part est la peau humaine. La peau d\u00e9finit la fronti\u00e8re entre le corps interne du &#8220;moi&#8221; personnel et l&#8217;impersonnel du monde ext\u00e9rieur. Pour <a href=\"https:\/\/casparberger.com\/skeleton\/\">SKELETON<\/a>, Berger a utilis\u00e9 un scanner pour cr\u00e9er une copie 3D exacte de son squelette en 2012. Notre identit\u00e9 &#8220;\u00e9ternelle&#8221;, c&#8217;est-\u00e0-dire l&#8217;identit\u00e9 qui peut r\u00e9v\u00e9ler qui nous \u00e9tions m\u00eame apr\u00e8s notre mort, est le point de d\u00e9part. \u00c0 <a href=\"https:\/\/casparberger.com\/universe\/\">UNIVERSE<\/a>, Berger se concentre sur l&#8217;espace occup\u00e9 par les \u00eatres humains dans les situations sociales et politiques. Qui sommes-nous par rapport \u00e0 notre espace physique, social et politique et comment notre identit\u00e9 unique est-elle li\u00e9e aux fantasmes collectifs qui nous ont fa\u00e7onn\u00e9s. Et dans <a href=\"https:\/\/casparberger.com\/spirit\/\">SPIRIT<\/a>, la s\u00e9rie de projets la plus r\u00e9cente, Berger explore le th\u00e8me des attitudes et des questions de vie d\u00e9coulant de la d\u00e9ficience humaine. Non seulement la signification surhumaine de SPIRIT s&#8217;applique ici, mais aussi l&#8217;attitude mentale que l&#8217;on peut adopter dans notre environnement social, politique et soci\u00e9tal.<\/p>\t\t\t\t\t\t\t\t<\/div>\n\t\t\t\t<\/div>\n\t\t\t\t<div class=\"elementor-element elementor-element-fd07842 elementor-widget elementor-widget-image\" data-id=\"fd07842\" data-element_type=\"widget\" data-widget_type=\"image.default\">\n\t\t\t\t<div class=\"elementor-widget-container\">\n\t\t\t\t\t\t\t\t\t\t\t\t\t\t\t<img fetchpriority=\"high\" decoding=\"async\" width=\"1338\" height=\"1536\" src=\"https:\/\/casparberger.com\/wp-content\/uploads\/2025\/10\/caspar-berger-portret-AL-1338x1536.jpg\" class=\"attachment-1536x1536 size-1536x1536 wp-image-14703\" alt=\"\" srcset=\"https:\/\/casparberger.com\/wp-content\/uploads\/2025\/10\/caspar-berger-portret-AL-1338x1536.jpg 1338w, https:\/\/casparberger.com\/wp-content\/uploads\/2025\/10\/caspar-berger-portret-AL-261x300.jpg 261w, https:\/\/casparberger.com\/wp-content\/uploads\/2025\/10\/caspar-berger-portret-AL-892x1024.jpg 892w, https:\/\/casparberger.com\/wp-content\/uploads\/2025\/10\/caspar-berger-portret-AL-768x882.jpg 768w, https:\/\/casparberger.com\/wp-content\/uploads\/2025\/10\/caspar-berger-portret-AL-1784x2048.jpg 1784w\" sizes=\"(max-width: 1338px) 100vw, 1338px\" \/>\t\t\t\t\t\t\t\t\t\t\t\t\t\t\t<\/div>\n\t\t\t\t<\/div>\n\t\t\t\t<div class=\"elementor-element elementor-element-e1e16e3 elementor-widget elementor-widget-text-editor\" data-id=\"e1e16e3\" data-element_type=\"widget\" data-widget_type=\"text-editor.default\">\n\t\t\t\t<div class=\"elementor-widget-container\">\n\t\t\t\t\t\t\t\t\t<p><span class=\"s3\">Berger est n\u00e9 \u00e0 Utrecht, aux Pays-Bas, le 24 janvier 1965. Il a \u00e9tudi\u00e9 les formes plastiques et spatiales \u00e0 l&#8217;AKI d&#8217;Enschede de 1984 \u00e0 1990. Il y re\u00e7oit l&#8217;enseignement de Maja van Hall, Ad Gerritse, Albert van der Weide, Helen Frik et Hans  <\/span><span class=\"s3\">Ebeling<\/span><span class=\"s3\">  Le roi. L&#8217;accent n&#8217;est pas mis sur la sculpture classique, mais sur la composition d&#8217;une sculpture. Berger a r\u00e9alis\u00e9 des \u0153uvres mixtes de constructions abstraites combin\u00e9es \u00e0 des vid\u00e9os. Au cours de sa  <\/span><span class=\"s3\">post-acad\u00e9mique \u00e0 l&#8217;Acad\u00e9mie Jan van Eyck de Maastricht<\/span><span class=\"s3\"> \u00e0 l&#8217;Acad\u00e9mie Jan van Eyck de Maastricht, de 1990 \u00e0 1992, il s&#8217;inspire du travail d&#8217;artistes vid\u00e9o tels que Bill Viola, Bruce <\/span><span class=\"s3\">Nauman<\/span><span class=\"s3\"> et Nam <\/span><span class=\"s3\">June<\/span> <span class=\"s3\">Paik<\/span><span class=\"s3\">.<\/span><\/p>\t\t\t\t\t\t\t\t<\/div>\n\t\t\t\t<\/div>\n\t\t\t\t<div class=\"elementor-element elementor-element-8037f9f elementor-widget elementor-widget-text-editor\" data-id=\"8037f9f\" data-element_type=\"widget\" data-widget_type=\"text-editor.default\">\n\t\t\t\t<div class=\"elementor-widget-container\">\n\t\t\t\t\t\t\t\t\t<p><span class=\"s3\">Influenc\u00e9 par son admiration pour la <\/span><span class=\"s3\">italienne<\/span><span class=\"s3\"> il <\/span><span class=\"s3\">puis <\/span> <span class=\"s3\">pour la sculpture. Influenc\u00e9 par son ancien professeur Ad Gerritse, il s&#8217;int\u00e9resse de nouveau \u00e0 l&#8217;art figuratif avec une signification conceptuelle.<\/span><\/p>\t\t\t\t\t\t\t\t<\/div>\n\t\t\t\t<\/div>\n\t\t\t\t<div class=\"elementor-element elementor-element-7bdc448 elementor-widget elementor-widget-text-editor\" data-id=\"7bdc448\" data-element_type=\"widget\" data-widget_type=\"text-editor.default\">\n\t\t\t\t<div class=\"elementor-widget-container\">\n\t\t\t\t\t\t\t\t\t<p><span class=\"s3\">En 2007, <\/span><span class=\"s3\">aux Pays-Bas <\/span><span class=\"s3\">sa premi\u00e8re exposition personnelle dans un mus\u00e9e au <\/span><span class=\"s3\">mus\u00e9e Beelden aan Zee<\/span><span class=\"s3\">\u00e0 La Haye-Scheveningen, <\/span><span class=\"s3\">qui ouvre la voie<\/span><span class=\"s3\"> la voie vers<\/span><span class=\"s3\">  le grand public. Il y a expos\u00e9 un large \u00e9ventail d&#8217;\u0153uvres, notamment<\/span> <span class=\"s3\">sa version d&#8217;une<\/span> <span class=\"s3\">Piet\u00e0<\/span><span class=\"s3\">,<\/span> <span class=\"s6\">comme un<\/span><span class=\"s6\">monument \u00e0 toutes les m\u00e8res dont les fils sont morts<\/span><span class=\"s6\">une \u0153uvre <\/span><span class=\"s3\">d&#8217;apr\u00e8s<\/span> <span class=\"s6\">Michelangelo<\/span><span class=\"s6\">&#8216;<\/span><span class=\"s6\">s <\/span><span class=\"s6\">de Michel-Ange. <\/span><span class=\"s6\">Marie en deuil avec son <\/span><span class=\"s6\">crucifi\u00e9<\/span><span class=\"s6\"> l&#8217;une des images les plus parfaites de l&#8217;histoire de l&#8217;art.<\/span><span class=\"s6\">. Il y avait aussi le travail  <\/span><span class=\"s6\">Family<\/span><span class=\"s6\"> vue<\/span><span class=\"s6\">, e<\/span><span class=\"s6\">un hommage a<\/span><span class=\"s6\">au<\/span><span class=\"s6\"> groupe social <\/span><span class=\"s6\">dans lequel vous \u00eates <\/span><span class=\"s6\">n\u00e9 <\/span><span class=\"s6\">est n\u00e9<\/span><span class=\"s6\"> avec le <\/span> <span class=\"s3\">les structures de pouvoir associ\u00e9es au concept de famille. Avec son apparence d\u00e9lib\u00e9r\u00e9ment &#8220;affect\u00e9e&#8221;, Berger se positionne par rapport \u00e0 des sculpteurs tels que  <\/span><span class=\"s3\">Cellini<\/span><span class=\"s3\"> et Michel-Ange, qu&#8217;il consid\u00e8re comme ses exemples les plus importants dans l&#8217;histoire de l&#8217;art.<\/span><\/p>\t\t\t\t\t\t\t\t<\/div>\n\t\t\t\t<\/div>\n\t\t\t\t<div class=\"elementor-element elementor-element-9565473 elementor-widget elementor-widget-text-editor\" data-id=\"9565473\" data-element_type=\"widget\" data-widget_type=\"text-editor.default\">\n\t\t\t\t<div class=\"elementor-widget-container\">\n\t\t\t\t\t\t\t\t\t<p><span class=\"s3\">Les travaux de Bergers sont situ\u00e9s \u00e0  <\/span><span class=\"s3\">divers mus\u00e9es n\u00e9erlandais  <\/span><span class=\"s3\">collections<\/span><span class=\"s3\">  comme  <\/span><span class=\"s3\">m<\/span><span class=\"s3\">useum Statues au bord de la mer<\/span><span class=\"s3\">  \u00c0 La Haye-Scheveningen,  <\/span><span class=\"s3\">Rijksmuseum Amsterdam<\/span><span class=\"s3\">,  <\/span><span class=\"s3\">mus\u00e9e  <\/span><span class=\"s3\">Chanteur<\/span><span class=\"s3\">  Laren<\/span><span class=\"s3\">,  <\/span><span class=\"s3\">et  <\/span><span class=\"s3\">dans des collections d&#8217;entreprises telles que ING  <\/span><span class=\"s3\">Collection<\/span><span class=\"s3\">  et le  <\/span><span class=\"s3\">Collection d&#8217;art Achmea<\/span><span class=\"s3\">.<\/span> <span class=\"s3\">I<\/span><span class=\"s3\">n \u00e0 l&#8217;\u00e9tranger<\/span><span class=\"s3\">  par exemple dans le<\/span> <span class=\"s3\">Fonds d&#8217;investissement<\/span><span class=\"s3\">\u0301 NUMA &#8211;  <\/span><span class=\"s3\">Espais<\/span><span class=\"s3\">  les  <\/span><span class=\"s3\">Culture<\/span><span class=\"s3\">(Espagne) Minorque, Espagne,  <\/span><span class=\"s3\">les  <\/span><span class=\"s3\">Katrin  <\/span><span class=\"s3\">Bellinger<\/span><span class=\"s3\">  Collection<\/span><span class=\"s3\">  et la municipalit\u00e9  <\/span><span class=\"s3\">Bad Homburg. Berger  <\/span><span class=\"s3\">r\u00e9alis\u00e9<\/span><span class=\"s3\"> \u00e9galement <\/span><span class=\"s3\">plusieurs grands <\/span><span class=\"s3\">travail<\/span><span class=\"s3\">et<\/span> <span class=\"s3\">command\u00e9s<\/span><span class=\"s3\">. Son travail a \u00e9t\u00e9 r\u00e9compens\u00e9 par le prix  <\/span><span class=\"s3\">Singer<\/span><span class=\"s3\"> Prize 2013 et le Sacha Tanja Penning 2014.<\/span><\/p>\t\t\t\t\t\t\t\t<\/div>\n\t\t\t\t<\/div>\n\t\t\t\t<div class=\"elementor-element elementor-element-73aa0de elementor-widget elementor-widget-text-editor\" data-id=\"73aa0de\" data-element_type=\"widget\" data-widget_type=\"text-editor.default\">\n\t\t\t\t<div class=\"elementor-widget-container\">\n\t\t\t\t\t\t\t\t\t<p><br><br>T<em>ravaux photographiques :<\/em> Erik et Petra Hesmerg<em>Processus <\/em><em>photographique : <\/em>Annick Vroom et Caspar Berger<em>Conception du <\/em><em>site web : <\/em><br> Anne Lakeman<em>Mise en \u0153uvre du<\/em><em>site web : Flowhub<\/em><\/p>\t\t\t\t\t\t\t\t<\/div>\n\t\t\t\t<\/div>\n\t\t\t\t<\/div>\n\t\t\t\t<\/div>\n\t\t\t\t<\/div>\n\t\t<div class=\"elementor-element elementor-element-f2e6c98 e-con-full e-flex e-con e-child\" data-id=\"f2e6c98\" data-element_type=\"container\">\n\t\t<div class=\"elementor-element elementor-element-c5e4cd2 e-con-full e-flex e-con e-child\" data-id=\"c5e4cd2\" data-element_type=\"container\">\n\t\t\t\t<div class=\"elementor-element elementor-element-4b91b40 elementor-widget elementor-widget-text-editor\" data-id=\"4b91b40\" data-element_type=\"widget\" data-widget_type=\"text-editor.default\">\n\t\t\t\t<div class=\"elementor-widget-container\">\n\t\t\t\t\t\t\t\t\t<p>Pour toute information concernant les ventes ou les expositions, veuillez contacter :<\/p><h6>GALERIE NQ<\/h6><p>Mechelsesteenweg 11<br>2018 Anvers, Belgique<br>+32 4 685 32 568<\/p><p><a href=\"mailto:info@nqgallery.be\">info@nqgallery.be<\/a><\/p><p>Ou envoyez un message en utilisant le formulaire ci-dessous.<\/p>\t\t\t\t\t\t\t\t<\/div>\n\t\t\t\t<\/div>\n\t\t\t\t<\/div>\n\t\t\t\t<div class=\"elementor-element elementor-element-d2eb8ed elementor-widget elementor-widget-heading\" data-id=\"d2eb8ed\" data-element_type=\"widget\" data-widget_type=\"heading.default\">\n\t\t\t\t<div class=\"elementor-widget-container\">\n\t\t\t\t\t<h2 class=\"elementor-heading-title elementor-size-default\">Formulaire de contact<\/h2>\t\t\t\t<\/div>\n\t\t\t\t<\/div>\n\t\t\t\t<div class=\"elementor-element elementor-element-c37752c elementor-button-align-stretch elementor-widget elementor-widget-form\" data-id=\"c37752c\" data-element_type=\"widget\" data-settings=\"{&quot;button_width&quot;:&quot;70&quot;,&quot;step_next_label&quot;:&quot;Suivant&quot;,&quot;step_previous_label&quot;:&quot;Pr\\u00e9c\\u00e9dent&quot;,&quot;step_type&quot;:&quot;number_text&quot;,&quot;step_icon_shape&quot;:&quot;circle&quot;}\" data-widget_type=\"form.default\">\n\t\t\t\t<div class=\"elementor-widget-container\">\n\t\t\t\t\t\t\t<form class=\"elementor-form\" method=\"post\" name=\"Formulaire Casper Berger\">\n\t\t\t<input type=\"hidden\" name=\"post_id\" value=\"8086\"\/>\n\t\t\t<input type=\"hidden\" name=\"form_id\" value=\"c37752c\"\/>\n\t\t\t<input type=\"hidden\" name=\"referer_title\" value=\"\" \/>\n\n\t\t\t\n\t\t\t<div class=\"elementor-form-fields-wrapper elementor-labels-\">\n\t\t\t\t\t\t\t\t<div class=\"elementor-field-type-text elementor-field-group elementor-column elementor-field-group-name elementor-col-100\">\n\t\t\t\t\t\t\t\t\t\t\t\t<label for=\"form-field-name\" class=\"elementor-field-label elementor-screen-only\">\n\t\t\t\t\t\t\t\tNom\t\t\t\t\t\t\t<\/label>\n\t\t\t\t\t\t\t\t\t\t\t\t\t\t<input size=\"1\" type=\"text\" name=\"form_fields[name]\" id=\"form-field-name\" class=\"elementor-field elementor-size-sm  elementor-field-textual\" placeholder=\"Nom et pr\u00e9nom  \">\n\t\t\t\t\t\t\t\t\t\t\t<\/div>\n\t\t\t\t\t\t\t\t<div class=\"elementor-field-type-email elementor-field-group elementor-column elementor-field-group-email elementor-col-100 elementor-field-required\">\n\t\t\t\t\t\t\t\t\t\t\t\t<label for=\"form-field-email\" class=\"elementor-field-label elementor-screen-only\">\n\t\t\t\t\t\t\t\tCourriel\t\t\t\t\t\t\t<\/label>\n\t\t\t\t\t\t\t\t\t\t\t\t\t\t<input size=\"1\" type=\"email\" name=\"form_fields[email]\" id=\"form-field-email\" class=\"elementor-field elementor-size-sm  elementor-field-textual\" placeholder=\"Courriel\" required=\"required\">\n\t\t\t\t\t\t\t\t\t\t\t<\/div>\n\t\t\t\t\t\t\t\t<div class=\"elementor-field-type-textarea elementor-field-group elementor-column elementor-field-group-message elementor-col-100\">\n\t\t\t\t\t\t\t\t\t\t\t\t<label for=\"form-field-message\" class=\"elementor-field-label elementor-screen-only\">\n\t\t\t\t\t\t\t\tMessage\t\t\t\t\t\t\t<\/label>\n\t\t\t\t\t\t<textarea class=\"elementor-field-textual elementor-field  elementor-size-sm\" name=\"form_fields[message]\" id=\"form-field-message\" rows=\"4\" placeholder=\"Que pouvons-nous faire pour vous ?\"><\/textarea>\t\t\t\t<\/div>\n\t\t\t\t\t\t\t\t<div class=\"elementor-field-type-acceptance elementor-field-group elementor-column elementor-field-group-field_e2badc6 elementor-col-100\">\n\t\t\t\t\t\t\t<div class=\"elementor-field-subgroup\">\n\t\t\t<span class=\"elementor-field-option\">\n\t\t\t\t<input type=\"checkbox\" name=\"form_fields[field_e2badc6]\" id=\"form-field-field_e2badc6\" class=\"elementor-field elementor-size-sm  elementor-acceptance-field\">\n\t\t\t\t<label for=\"form-field-field_e2badc6\">S'abonner \u00e0 la lettre d'information  <\/label>\t\t\t<\/span>\n\t\t<\/div>\n\t\t\t\t\t\t<\/div>\n\t\t\t\t\t\t\t\t<div class=\"elementor-field-type-recaptcha_v3 elementor-field-group elementor-column elementor-field-group-field_b736cc5 elementor-col-100 recaptcha_v3-bottomright\">\n\t\t\t\t\t<div class=\"elementor-field\" id=\"form-field-field_b736cc5\"><div class=\"elementor-g-recaptcha\" data-sitekey=\"6LfzT90rAAAAALLje-yVT0zjbeZiXpg_knCdCNXS\" data-type=\"v3\" data-action=\"Form\" data-badge=\"bottomright\" data-size=\"invisible\"><\/div><\/div>\t\t\t\t<\/div>\n\t\t\t\t\t\t\t\t<div class=\"elementor-field-group elementor-column elementor-field-type-submit elementor-col-70 e-form__buttons\">\n\t\t\t\t\t<button class=\"elementor-button elementor-size-sm\" type=\"submit\">\n\t\t\t\t\t\t<span class=\"elementor-button-content-wrapper\">\n\t\t\t\t\t\t\t\t\t\t\t\t\t\t\t\t\t\t\t\t\t\t<span class=\"elementor-button-text\">Envoyer<\/span>\n\t\t\t\t\t\t\t\t\t\t\t\t\t<\/span>\n\t\t\t\t\t<\/button>\n\t\t\t\t<\/div>\n\t\t\t<\/div>\n\t\t<\/form>\n\t\t\t\t\t\t<\/div>\n\t\t\t\t<\/div>\n\t\t\t\t<\/div>\n\t\t\t\t\t<\/div>\n\t\t\t\t<\/div>\n\t\t<div class=\"elementor-element elementor-element-e298528 e-flex e-con-boxed e-con e-parent\" data-id=\"e298528\" data-element_type=\"container\">\n\t\t\t\t\t<div class=\"e-con-inner\">\n\t\t\t\t<div class=\"elementor-element elementor-element-01c5daf elementor-widget elementor-widget-html\" data-id=\"01c5daf\" data-element_type=\"widget\" data-widget_type=\"html.default\">\n\t\t\t\t<div class=\"elementor-widget-container\">\n\t\t\t\t\t<style>.scrollra { height:70vh; overflow:hidden scroll; }\r\n    \r\n    \/*.scrollra::-webkit-scrollbar { width:4px; background:#fff; }*\/\r\n    \/*.scrollra::-webkit-scrollbar-thumb { border-radius:8px; background:#098E9B; }*\/\r\n    \r\n    .scrollra { scrollbar-width:none; -ms-overflow-style:none; }\r\n<\/style>\t\t\t\t<\/div>\n\t\t\t\t<\/div>\n\t\t\t\t\t<\/div>\n\t\t\t\t<\/div>\n\t\t\t\t<\/div>\n\t\t","protected":false},"excerpt":{"rendered":"<p>Caspar Berger Caspar Berger fait de l&#8217;art conceptuel dans lequel l&#8217;actualit\u00e9 et l&#8217;histoire de l&#8217;art jouent un r\u00f4le majeur. L&#8217;autoportrait et son propre corps y sont souvent le point de d\u00e9part d&#8217;\u0153uvres d&#8217;art dans lesquelles des th\u00e8mes tels que la libert\u00e9, la mortalit\u00e9 et les syst\u00e8mes politiques (de croyance) jouent un r\u00f4le important. Pour ce [&hellip;]<\/p>\n","protected":false},"author":1,"featured_media":0,"parent":0,"menu_order":0,"comment_status":"closed","ping_status":"closed","template":"elementor_header_footer","meta":{"_acf_changed":false,"footnotes":""},"acf":[],"_links":{"self":[{"href":"https:\/\/casparberger.com\/fr\/wp-json\/wp\/v2\/pages\/8086"}],"collection":[{"href":"https:\/\/casparberger.com\/fr\/wp-json\/wp\/v2\/pages"}],"about":[{"href":"https:\/\/casparberger.com\/fr\/wp-json\/wp\/v2\/types\/page"}],"author":[{"embeddable":true,"href":"https:\/\/casparberger.com\/fr\/wp-json\/wp\/v2\/users\/1"}],"replies":[{"embeddable":true,"href":"https:\/\/casparberger.com\/fr\/wp-json\/wp\/v2\/comments?post=8086"}],"version-history":[{"count":14,"href":"https:\/\/casparberger.com\/fr\/wp-json\/wp\/v2\/pages\/8086\/revisions"}],"predecessor-version":[{"id":14893,"href":"https:\/\/casparberger.com\/fr\/wp-json\/wp\/v2\/pages\/8086\/revisions\/14893"}],"wp:attachment":[{"href":"https:\/\/casparberger.com\/fr\/wp-json\/wp\/v2\/media?parent=8086"}],"curies":[{"name":"wp","href":"https:\/\/api.w.org\/{rel}","templated":true}]}}