{"id":8078,"date":"2023-11-23T11:06:44","date_gmt":"2023-11-23T11:06:44","guid":{"rendered":"https:\/\/casparberger.com\/peau\/"},"modified":"2024-04-12T12:09:32","modified_gmt":"2024-04-12T12:09:32","slug":"peau","status":"publish","type":"page","link":"https:\/\/casparberger.com\/fr\/peau\/","title":{"rendered":"SKIN"},"content":{"rendered":"<style>\/*! elementor - v3.20.0 - 13-03-2024 *\/\n.elementor-heading-title{padding:0;margin:0;line-height:1}.elementor-widget-heading .elementor-heading-title[class*=elementor-size-]&gt;a{color:inherit;font-size:inherit;line-height:inherit}.elementor-widget-heading .elementor-heading-title.elementor-size-small{font-size:15px}.elementor-widget-heading .elementor-heading-title.elementor-size-medium{font-size:19px}.elementor-widget-heading .elementor-heading-title.elementor-size-large{font-size:29px}.elementor-widget-heading .elementor-heading-title.elementor-size-xl{font-size:39px}.elementor-widget-heading .elementor-heading-title.elementor-size-xxl{font-size:59px}<\/style>\n<h2>SKIN<\/h2>\n<p>\t\t<strong><\/p>\n<h6>La peau comme fronti\u00e8re entre le &#8220;moi&#8221; et le monde ext\u00e9rieur<\/h6>\n<p><\/strong><br \/>\nLa peau est le plus grand organe de l&#8217;homme et constitue \u00e9galement la fronti\u00e8re entre notre monde int\u00e9rieur et ext\u00e9rieur.<br \/>\nLa peau nous donne notre identit\u00e9 unique et tangible et assure la coh\u00e9sion de notre monde physique interne. Sans peau, nous serions<br \/>\n\u00eatre une masse informe.<br \/>\nAu cours des si\u00e8cles, les artistes et les scientifiques ont \u00e9t\u00e9 fascin\u00e9s par la peau en tant que fronti\u00e8re, parce que<br \/>\nqu&#8217;y a-t-il sous cette membrane entre le monde int\u00e9rieur et le monde ext\u00e9rieur ? \u00c9tude anatomique du corps humain<br \/>\na permis de repr\u00e9senter au mieux le monde int\u00e9rieur et la machine biologique qu&#8217;est le corps.<br \/>\nmieux comprendre. Avec SKIN, je poursuis cette tradition. Le concept de la peau en tant que limite ou membrane conf\u00e8re \u00e0 la peau un r\u00f4le important dans la vie quotidienne.<br \/>\nEn tant qu&#8217;artiste visuel, les possibilit\u00e9s sont infinies. En cons\u00e9quence, SKIN est devenu un projet permanent, dont<br \/>\nles premi\u00e8res \u0153uvres ont vu le jour en 2005.<br \/>\n<strong><\/p>\n<h6>La fronti\u00e8re entre le &#8220;moi&#8221; et le monde ext\u00e9rieur<\/h6>\n<p><\/strong><br \/>\nUne peau d\u00e9finit plus qu&#8217;une fronti\u00e8re entre le corps interne du &#8220;je&#8221; personnel et l&#8217;impersonnel du &#8220;je&#8221;.<br \/>\nle monde ext\u00e9rieur. L&#8217;espace situ\u00e9 sous notre peau est incontestablement notre espace personnel, mais l&#8217;espace situ\u00e9 imm\u00e9diatement au-del\u00e0 est \u00e0 bien des \u00e9gards public. Il s&#8217;agit donc d&#8217;un point de discorde entre notre &#8220;moi&#8221; et l&#8217;ext\u00e9rieur.<br \/>\nLe monde commence.<br \/>\nEn ce sens, la peau constitue une fronti\u00e8re mentale, une barri\u00e8re entre notre propre int\u00e9grit\u00e9 corporelle et l&#8217;espace public social, \u00e9conomique et politique qui l&#8217;entoure.<br \/>\n<strong><\/p>\n<h6>Une copie de ma pi\u00e8ce d&#8217;identit\u00e9<\/h6>\n<p><\/strong><br \/>\nLa peau, m\u00e9taphore de la fronti\u00e8re physique de notre identit\u00e9 individuelle, a \u00e9t\u00e9 le point de d\u00e9part d&#8217;une longue s\u00e9rie d&#8217;\u00e9tudes et de recherches.<br \/>\nautoportraits. Gr\u00e2ce \u00e0 des moulages en silicone de ma peau, j&#8217;ai obtenu une copie exacte de la mienne,<br \/>\nune peau unique. Cette peau, je pouvais l&#8217;utiliser et la manipuler physiquement. En utilisant la m\u00e9taphore de la peau, j&#8217;ai pu explorer des th\u00e8mes universels<br \/>\nquestionnement.<br \/>\nAinsi, l&#8217;int\u00e9rieur est devenu ext\u00e9rieur (Piet\u00e0) et le positif est devenu n\u00e9gatif (Image \/ Autoportrait 5). De plus, je pourrais litt\u00e9ralement rendre ma peau<br \/>\n(Personal Space \/ Self-Portrait 12) ou de recouvrir un &#8220;sous-verre&#8221; d\u00e9j\u00e0 existant. Un exemple est Torso \/ Self-Portrait 6, o\u00f9 j&#8217;ai utilis\u00e9 le Torso Belv\u00e8dere comme &#8220;dessous de verre&#8221;.<br \/>\nDans mes versions de ce torse, je me mesure litt\u00e9ralement au symbole de la sculpture et donc \u00e0 mon identit\u00e9 culturelle. En effet, qu&#8217;est-ce qui constitue &#8220;l&#8217;image r\u00e9elle&#8221; ? Je me r\u00e9f\u00e8re ici \u00e0 l&#8217;\u00e9v\u00e9nement le plus important de l&#8217;histoire de l&#8217;art.<br \/>\nth\u00e8me de l'&#8221;ic\u00f4ne vera&#8221; : quelle quantit\u00e9 de &#8220;soi&#8221; faut-il pour un autoportrait ?<br \/>\n<strong><\/p>\n<h6>Identit\u00e9 et espace personnel  <\/h6>\n<p><\/strong><br \/>\n  En fin de compte, la question est de savoir o\u00f9 s&#8217;\u00e9tend notre espace personnel et comment l&#8217;\u00e9tiquette sociale, \u00e9conomique et politique peut \u00eatre utilis\u00e9e.<br \/>\nqui ont \u00e9t\u00e9 cr\u00e9\u00e9es et d\u00e9finies. L&#8217;\u00e9tiquette et les conventions ont une longue histoire culturelle.<br \/>\nest d\u00e9termin\u00e9 \u00e0 maintes reprises. Les fantasmes et les histoires collectives qu&#8217;ils forment sont en constante \u00e9volution,<br \/>\nqu&#8217;elles soient personnelles, politiques ou religieuses. Ensemble, ils fa\u00e7onnent notre espace personnel virtuel fictif, formant des histoires qui sont bien plus puissantes que la r\u00e9alit\u00e9. C&#8217;est l\u00e0 que je me retrouve constamment en tant qu&#8217;artiste visuel<br \/>\ns&#8217;en inspirer.<br \/>\n\t\t\t<a href=\"#down\"><br \/>\n\t\t\t\t<svg xmlns=\"http:\/\/www.w3.org\/2000\/svg\" aria-hidden=\"true\" viewbox=\"0 0 320 512\"><path d=\"M143 352.3L7 216.3c-9.4-9.4-9.4-24.6 0-33.9l22.6-22.6c9.4-9.4 24.6-9.4 33.9 0l96.4 96.4 96.4-96.4c9.4-9.4 24.6-9.4 33.9 0l22.6 22.6c9.4 9.4 9.4 24.6 0 33.9l-136 136c-9.2 9.4-24.4 9.4-33.8 0z\"><\/path><\/svg><br \/>\n  Faire d\u00e9filer plus<br \/>\n\t\t\t\t\t<\/a><\/p>\n","protected":false},"excerpt":{"rendered":"<p>SKIN La peau comme fronti\u00e8re entre le &#8220;moi&#8221; et le monde ext\u00e9rieur La peau est le plus grand organe de l&#8217;homme et constitue \u00e9galement la fronti\u00e8re entre notre monde int\u00e9rieur et ext\u00e9rieur. La peau nous donne notre identit\u00e9 unique et tangible et assure la coh\u00e9sion de notre monde physique interne. Sans peau, nous serions \u00eatre [&hellip;]<\/p>\n","protected":false},"author":1,"featured_media":0,"parent":0,"menu_order":0,"comment_status":"closed","ping_status":"closed","template":"","meta":{"_acf_changed":false,"footnotes":""},"acf":[],"_links":{"self":[{"href":"https:\/\/casparberger.com\/fr\/wp-json\/wp\/v2\/pages\/8078"}],"collection":[{"href":"https:\/\/casparberger.com\/fr\/wp-json\/wp\/v2\/pages"}],"about":[{"href":"https:\/\/casparberger.com\/fr\/wp-json\/wp\/v2\/types\/page"}],"author":[{"embeddable":true,"href":"https:\/\/casparberger.com\/fr\/wp-json\/wp\/v2\/users\/1"}],"replies":[{"embeddable":true,"href":"https:\/\/casparberger.com\/fr\/wp-json\/wp\/v2\/comments?post=8078"}],"version-history":[{"count":4,"href":"https:\/\/casparberger.com\/fr\/wp-json\/wp\/v2\/pages\/8078\/revisions"}],"predecessor-version":[{"id":12795,"href":"https:\/\/casparberger.com\/fr\/wp-json\/wp\/v2\/pages\/8078\/revisions\/12795"}],"wp:attachment":[{"href":"https:\/\/casparberger.com\/fr\/wp-json\/wp\/v2\/media?parent=8078"}],"curies":[{"name":"wp","href":"https:\/\/api.w.org\/{rel}","templated":true}]}}