{"id":8083,"date":"2023-11-22T04:03:32","date_gmt":"2023-11-22T03:03:32","guid":{"rendered":"https:\/\/casparberger.com\/pongase-en-contacto-con\/"},"modified":"2026-04-21T08:50:27","modified_gmt":"2026-04-21T07:50:27","slug":"pongase-en-contacto-con","status":"publish","type":"page","link":"https:\/\/casparberger.com\/es\/pongase-en-contacto-con\/","title":{"rendered":"INFO"},"content":{"rendered":"\t\t<div data-elementor-type=\"wp-page\" data-elementor-id=\"8083\" class=\"elementor elementor-8083 elementor-504\" data-elementor-post-type=\"page\">\n\t\t\t\t<div class=\"elementor-element elementor-element-90d69bd e-flex e-con-boxed e-con e-parent\" data-id=\"90d69bd\" data-element_type=\"container\">\n\t\t\t\t\t<div class=\"e-con-inner\">\n\t\t<div class=\"elementor-element elementor-element-c6865dc e-con-full e-flex e-con e-child\" data-id=\"c6865dc\" data-element_type=\"container\">\n\t\t\t\t<div class=\"elementor-element elementor-element-e6c7614 elementor-widget elementor-widget-heading\" data-id=\"e6c7614\" data-element_type=\"widget\" data-widget_type=\"heading.default\">\n\t\t\t\t<div class=\"elementor-widget-container\">\n\t\t\t\t\t<h2 class=\"elementor-heading-title elementor-size-default\">Caspar Berger<\/h2>\t\t\t\t<\/div>\n\t\t\t\t<\/div>\n\t\t<div class=\"elementor-element elementor-element-04d204a e-con-full e-flex e-con e-child\" data-id=\"04d204a\" data-element_type=\"container\">\n\t\t<div class=\"elementor-element elementor-element-a6a8721 e-con-full e-flex e-con e-child\" data-id=\"a6a8721\" data-element_type=\"container\">\n\t\t\t\t<div class=\"elementor-element elementor-element-b3525a6 elementor-widget elementor-widget-text-editor\" data-id=\"b3525a6\" data-element_type=\"widget\" data-widget_type=\"text-editor.default\">\n\t\t\t\t<div class=\"elementor-widget-container\">\n\t\t\t\t\t\t\t\t\t<p>Caspar Berger hace arte conceptual en el que la actualidad y el canon hist\u00f3rico del arte desempe\u00f1an un papel fundamental. En \u00e9l, el autorretrato y su propio cuerpo suelen ser el punto de partida de obras en las que temas como la libertad, la mortalidad y los sistemas pol\u00edticos (de creencias) desempe\u00f1an un papel importante. Para ello, Berger utiliza una gran variedad de materiales, como bronce, plata, oro, silicona, epoxi, madera y fieltro, as\u00ed como v\u00eddeo y multimedia o una combinaci\u00f3n de ellos. La obra de Caspar Berger se divide en una serie de extensas series, cuyos temas son: SKIN, SKELETON, UNIVERSE y SPIRIT.<\/p>\t\t\t\t\t\t\t\t<\/div>\n\t\t\t\t<\/div>\n\t\t\t\t<div class=\"elementor-element elementor-element-fb2b72e elementor-widget elementor-widget-text-editor\" data-id=\"fb2b72e\" data-element_type=\"widget\" data-widget_type=\"text-editor.default\">\n\t\t\t\t<div class=\"elementor-widget-container\">\n\t\t\t\t\t\t\t\t\t<p>En <a href=\"https:\/\/casparberger.com\/es\/piel\/\">SKIN<\/a>, el punto de partida es la piel humana. La piel define la frontera entre el cuerpo interno del yo personal y lo impersonal del mundo exterior. Para <a href=\"https:\/\/casparberger.com\/skeleton\/\">SKELETON<\/a>, Berger utiliz\u00f3 una tomograf\u00eda computarizada para crear una copia exacta en 3D de su esqueleto en 2012. Nuestra identidad &#8220;eterna&#8221;, la identidad que puede decir algo sobre qui\u00e9nes \u00e9ramos incluso despu\u00e9s de morir, es el punto de partida. En <a href=\"https:\/\/casparberger.com\/universe\/\">UNIVERSE<\/a>, Berger se centra en el espacio que ocupa el ser humano en las situaciones sociales y pol\u00edticas. Qui\u00e9nes somos en relaci\u00f3n con nuestro espacio f\u00edsico, social y pol\u00edtico, y c\u00f3mo se relaciona nuestra identidad \u00fanica con las fantas\u00edas colectivas que nos han dado forma. Y en <a href=\"https:\/\/casparberger.com\/spirit\/\">SPIRIT<\/a>, la serie de proyectos lanzada m\u00e1s recientemente, Berger explora el tema de las actitudes vitales y las cuestiones vitales que surgen de la deficiencia humana. No s\u00f3lo se aplica aqu\u00ed el significado sobrehumano del Esp\u00edritu, sino tambi\u00e9n la actitud mental que uno puede adoptar en nuestro entorno social, pol\u00edtico y societario.<\/p>\t\t\t\t\t\t\t\t<\/div>\n\t\t\t\t<\/div>\n\t\t\t\t<div class=\"elementor-element elementor-element-fd07842 elementor-widget elementor-widget-image\" data-id=\"fd07842\" data-element_type=\"widget\" data-widget_type=\"image.default\">\n\t\t\t\t<div class=\"elementor-widget-container\">\n\t\t\t\t\t\t\t\t\t\t\t\t\t\t\t<img fetchpriority=\"high\" decoding=\"async\" width=\"1338\" height=\"1536\" src=\"https:\/\/casparberger.com\/wp-content\/uploads\/2025\/10\/caspar-berger-portret-AL-1338x1536.jpg\" class=\"attachment-1536x1536 size-1536x1536 wp-image-14705\" alt=\"\" srcset=\"https:\/\/casparberger.com\/wp-content\/uploads\/2025\/10\/caspar-berger-portret-AL-1338x1536.jpg 1338w, https:\/\/casparberger.com\/wp-content\/uploads\/2025\/10\/caspar-berger-portret-AL-261x300.jpg 261w, https:\/\/casparberger.com\/wp-content\/uploads\/2025\/10\/caspar-berger-portret-AL-892x1024.jpg 892w, https:\/\/casparberger.com\/wp-content\/uploads\/2025\/10\/caspar-berger-portret-AL-768x882.jpg 768w, https:\/\/casparberger.com\/wp-content\/uploads\/2025\/10\/caspar-berger-portret-AL-1784x2048.jpg 1784w\" sizes=\"(max-width: 1338px) 100vw, 1338px\" \/>\t\t\t\t\t\t\t\t\t\t\t\t\t\t\t<\/div>\n\t\t\t\t<\/div>\n\t\t\t\t<div class=\"elementor-element elementor-element-e1e16e3 elementor-widget elementor-widget-text-editor\" data-id=\"e1e16e3\" data-element_type=\"widget\" data-widget_type=\"text-editor.default\">\n\t\t\t\t<div class=\"elementor-widget-container\">\n\t\t\t\t\t\t\t\t\t<p><span class=\"s3\">Berger naci\u00f3 en Utrecht (Pa\u00edses Bajos) el 24 de enero de 1965. Estudi\u00f3 Formas Pl\u00e1sticas y Espaciales en el AKI de Enschede de 1984 a 1990. All\u00ed recibi\u00f3 clases de Maja van Hall, Ad Gerritse, Albert van der Weide, Helen Frik y Hans  <\/span><span class=\"s3\">Ebeling<\/span><span class=\"s3\">  Rey. No se trataba de escultura cl\u00e1sica, sino de la composici\u00f3n de una escultura. Berger realiz\u00f3 obras de t\u00e9cnica mixta de construcciones abstractas combinadas con v\u00eddeo. Durante su  <\/span><span class=\"s3\">post-acad\u00e9mico<\/span><span class=\"s3\"> en la Academia Jan van Eyck de Maastricht, de 1990 a 1992, se inspir\u00f3 en la obra de videoartistas como Bill Viola, Bruce <\/span><span class=\"s3\">Nauman<\/span><span class=\"s3\"> y Nam <\/span><span class=\"s3\">June<\/span> <span class=\"s3\">Paik<\/span><span class=\"s3\">.<\/span><\/p>\t\t\t\t\t\t\t\t<\/div>\n\t\t\t\t<\/div>\n\t\t\t\t<div class=\"elementor-element elementor-element-8037f9f elementor-widget elementor-widget-text-editor\" data-id=\"8037f9f\" data-element_type=\"widget\" data-widget_type=\"text-editor.default\">\n\t\t\t\t<div class=\"elementor-widget-container\">\n\t\t\t\t\t\t\t\t\t<p><span class=\"s3\">Influenciado por su admiraci\u00f3n por el <\/span><span class=\"s3\">renacimiento italiano<\/span><span class=\"s3\"> escribi\u00f3 a <\/span><span class=\"s3\">luego <\/span> <span class=\"s3\">para escultura. Influido por su antiguo maestro Ad Gerritse, renace el inter\u00e9s por el arte figurativo con un significado conceptual.<\/span><\/p>\t\t\t\t\t\t\t\t<\/div>\n\t\t\t\t<\/div>\n\t\t\t\t<div class=\"elementor-element elementor-element-7bdc448 elementor-widget elementor-widget-text-editor\" data-id=\"7bdc448\" data-element_type=\"widget\" data-widget_type=\"text-editor.default\">\n\t\t\t\t<div class=\"elementor-widget-container\">\n\t\t\t\t\t\t\t\t\t<p><span class=\"s3\">En 2007 <\/span><span class=\"s3\">en los Pa\u00edses Bajos <\/span><span class=\"s3\">su primera exposici\u00f3n individual en el <\/span><span class=\"s3\">museo Beelden aan Zee<\/span><span class=\"s3\">La Haya-Scheveningen, <\/span><span class=\"s3\">que allana el<\/span><span class=\"s3\"> allanando el camino hacia<\/span><span class=\"s3\">  al p\u00fablico en general. All\u00ed expuso una amplia gama de obras, entre ellas<\/span> <span class=\"s3\">su versi\u00f3n de una<\/span> <span class=\"s3\">Piet\u00e0<\/span><span class=\"s3\">,<\/span> <span class=\"s6\">como<\/span><span class=\"s6\">monumento a todas las madres con hijos muertos<\/span><span class=\"s6\">una obra <\/span><span class=\"s3\">basada en<\/span> <span class=\"s6\">Miguel \u00c1ngel<\/span><span class=\"s6\">&#8216;<\/span><span class=\"s6\">s <\/span><span class=\"s6\">versi\u00f3n de <\/span><span class=\"s6\">Mar\u00eda enlutada con su <\/span><span class=\"s6\">crucificado<\/span><span class=\"s6\"> crucificado en sus brazos, una de las im\u00e1genes m\u00e1s perfectas de la historia del arte.<\/span><span class=\"s6\">. Tambi\u00e9n estaba el trabajo  <\/span><span class=\"s6\">Family<\/span><span class=\"s6\"> ver<\/span><span class=\"s6\">, e<\/span><span class=\"s6\">un homenaje a<\/span><span class=\"s6\">al<\/span><span class=\"s6\"> grupo social <\/span><span class=\"s6\">en el que naciste <\/span><span class=\"s6\">nacido <\/span><span class=\"s6\">nace<\/span><span class=\"s6\"> con la <\/span> <span class=\"s3\">estructuras de poder asociadas al concepto de familia. Con su apariencia deliberadamente &#8220;afectada&#8221;, Berger se sit\u00faa en relaci\u00f3n con escultores como  <\/span><span class=\"s3\">Cellini<\/span><span class=\"s3\"> y Miguel \u00c1ngel, a los que considera sus ejemplos m\u00e1s importantes de la historia del arte.<\/span><\/p>\t\t\t\t\t\t\t\t<\/div>\n\t\t\t\t<\/div>\n\t\t\t\t<div class=\"elementor-element elementor-element-9565473 elementor-widget elementor-widget-text-editor\" data-id=\"9565473\" data-element_type=\"widget\" data-widget_type=\"text-editor.default\">\n\t\t\t\t<div class=\"elementor-widget-container\">\n\t\t\t\t\t\t\t\t\t<p><span class=\"s3\">Las obras de salvamento se encuentran en  <\/span><span class=\"s3\">varios museos holandeses  <\/span><span class=\"s3\">colecciones<\/span><span class=\"s3\">  como  <\/span><span class=\"s3\">m<\/span><span class=\"s3\">useum Estatuas junto al mar<\/span><span class=\"s3\">  En La Haya-Scheveningen,  <\/span><span class=\"s3\">Rijksmuseum \u00c1msterdam<\/span><span class=\"s3\">,  <\/span><span class=\"s3\">museo  <\/span><span class=\"s3\">Cantante<\/span><span class=\"s3\">  Laren<\/span><span class=\"s3\">,  <\/span><span class=\"s3\">y  <\/span><span class=\"s3\">en colecciones de empresas como ING  <\/span><span class=\"s3\">Colecci\u00f3n<\/span><span class=\"s3\">  y el  <\/span><span class=\"s3\">Colecci\u00f3n de arte Achmea<\/span><span class=\"s3\">.<\/span> <span class=\"s3\">I<\/span><span class=\"s3\">n en el extranjero<\/span><span class=\"s3\">  por ejemplo en el<\/span> <span class=\"s3\">Fundaci\u00f3n<\/span><span class=\"s3\">\u0301 NUMA &#8211;  <\/span><span class=\"s3\">Espais<\/span><span class=\"s3\">  el  <\/span><span class=\"s3\">Cultura<\/span><span class=\"s3\">, (Espa\u00f1a) Menorca, Espa\u00f1a,  <\/span><span class=\"s3\">el  <\/span><span class=\"s3\">Katrin  <\/span><span class=\"s3\">Bellinger<\/span><span class=\"s3\">  Colecci\u00f3n<\/span><span class=\"s3\">  y el municipio  <\/span><span class=\"s3\">Bad Homburg. Berger  <\/span><span class=\"s3\">realizado<\/span><span class=\"s3\"> tambi\u00e9n <\/span><span class=\"s3\">varias grandes <\/span><span class=\"s3\">obras<\/span><span class=\"s3\">y<\/span> <span class=\"s3\">por encargo<\/span><span class=\"s3\">. Su obra fue galardonada con el  <\/span><span class=\"s3\">Cantante<\/span><span class=\"s3\"> Premio 2013 y el Sacha Tanja Penning 2014.<\/span><\/p>\t\t\t\t\t\t\t\t<\/div>\n\t\t\t\t<\/div>\n\t\t\t\t<div class=\"elementor-element elementor-element-73aa0de elementor-widget elementor-widget-text-editor\" data-id=\"73aa0de\" data-element_type=\"widget\" data-widget_type=\"text-editor.default\">\n\t\t\t\t<div class=\"elementor-widget-container\">\n\t\t\t\t\t\t\t\t\t<p><em>Trabajos fotogr\u00e1ficos:<\/em> Erik y Petra Hesmerg <br><em>Proceso fotogr\u00e1fico: <\/em>Annick Vroom y Caspar Berger<br><em>Dise\u00f1o del sitio web: <\/em>Anne Lakeman<br><em>Implementaci\u00f3n del sitio web: Flowhub<\/em><\/p>\t\t\t\t\t\t\t\t<\/div>\n\t\t\t\t<\/div>\n\t\t\t\t<\/div>\n\t\t\t\t<\/div>\n\t\t\t\t<\/div>\n\t\t<div class=\"elementor-element elementor-element-f2e6c98 e-con-full e-flex e-con e-child\" data-id=\"f2e6c98\" data-element_type=\"container\">\n\t\t<div class=\"elementor-element elementor-element-c5e4cd2 e-con-full e-flex e-con e-child\" data-id=\"c5e4cd2\" data-element_type=\"container\">\n\t\t\t\t<div class=\"elementor-element elementor-element-4b91b40 elementor-widget elementor-widget-text-editor\" data-id=\"4b91b40\" data-element_type=\"widget\" data-widget_type=\"text-editor.default\">\n\t\t\t\t<div class=\"elementor-widget-container\">\n\t\t\t\t\t\t\t\t\t<p>Para informaci\u00f3n sobre ventas o exposiciones, ponte en contacto con<\/p><h6>GALER\u00cdA NQ<\/h6><p>Mechelsesteenweg 11<br>2018 Amberes, B\u00e9lgica<br>+32 4 685 32 568<\/p><p><a href=\"mailto:info@nqgallery.be\">info@nqgallery.be<\/a><\/p><p>O env\u00eda un mensaje utilizando el siguiente formulario.<\/p>\t\t\t\t\t\t\t\t<\/div>\n\t\t\t\t<\/div>\n\t\t\t\t<\/div>\n\t\t\t\t<div class=\"elementor-element elementor-element-d2eb8ed elementor-widget elementor-widget-heading\" data-id=\"d2eb8ed\" data-element_type=\"widget\" data-widget_type=\"heading.default\">\n\t\t\t\t<div class=\"elementor-widget-container\">\n\t\t\t\t\t<h2 class=\"elementor-heading-title elementor-size-default\">Formulario de contacto<\/h2>\t\t\t\t<\/div>\n\t\t\t\t<\/div>\n\t\t\t\t<div class=\"elementor-element elementor-element-c37752c elementor-button-align-stretch elementor-widget elementor-widget-form\" data-id=\"c37752c\" data-element_type=\"widget\" data-settings=\"{&quot;button_width&quot;:&quot;70&quot;,&quot;step_next_label&quot;:&quot;Siguiente&quot;,&quot;step_previous_label&quot;:&quot;Anterior&quot;,&quot;step_type&quot;:&quot;number_text&quot;,&quot;step_icon_shape&quot;:&quot;circle&quot;}\" data-widget_type=\"form.default\">\n\t\t\t\t<div class=\"elementor-widget-container\">\n\t\t\t\t\t\t\t<form class=\"elementor-form\" method=\"post\" name=\"Formulario Casper Berger\">\n\t\t\t<input type=\"hidden\" name=\"post_id\" value=\"8083\"\/>\n\t\t\t<input type=\"hidden\" name=\"form_id\" value=\"c37752c\"\/>\n\t\t\t<input type=\"hidden\" name=\"referer_title\" value=\"\" \/>\n\n\t\t\t\n\t\t\t<div class=\"elementor-form-fields-wrapper elementor-labels-\">\n\t\t\t\t\t\t\t\t<div class=\"elementor-field-type-text elementor-field-group elementor-column elementor-field-group-name elementor-col-100\">\n\t\t\t\t\t\t\t\t\t\t\t\t<label for=\"form-field-name\" class=\"elementor-field-label elementor-screen-only\">\n\t\t\t\t\t\t\t\tNombre\t\t\t\t\t\t\t<\/label>\n\t\t\t\t\t\t\t\t\t\t\t\t\t\t<input size=\"1\" type=\"text\" name=\"form_fields[name]\" id=\"form-field-name\" class=\"elementor-field elementor-size-sm  elementor-field-textual\" placeholder=\"Nombre y apellidos  \">\n\t\t\t\t\t\t\t\t\t\t\t<\/div>\n\t\t\t\t\t\t\t\t<div class=\"elementor-field-type-email elementor-field-group elementor-column elementor-field-group-email elementor-col-100 elementor-field-required\">\n\t\t\t\t\t\t\t\t\t\t\t\t<label for=\"form-field-email\" class=\"elementor-field-label elementor-screen-only\">\n\t\t\t\t\t\t\t\tCorreo electr\u00f3nico\t\t\t\t\t\t\t<\/label>\n\t\t\t\t\t\t\t\t\t\t\t\t\t\t<input size=\"1\" type=\"email\" name=\"form_fields[email]\" id=\"form-field-email\" class=\"elementor-field elementor-size-sm  elementor-field-textual\" placeholder=\"Correo electr\u00f3nico\" required=\"required\">\n\t\t\t\t\t\t\t\t\t\t\t<\/div>\n\t\t\t\t\t\t\t\t<div class=\"elementor-field-type-textarea elementor-field-group elementor-column elementor-field-group-message elementor-col-100\">\n\t\t\t\t\t\t\t\t\t\t\t\t<label for=\"form-field-message\" class=\"elementor-field-label elementor-screen-only\">\n\t\t\t\t\t\t\t\tMensaje\t\t\t\t\t\t\t<\/label>\n\t\t\t\t\t\t<textarea class=\"elementor-field-textual elementor-field  elementor-size-sm\" name=\"form_fields[message]\" id=\"form-field-message\" rows=\"4\" placeholder=\"\u00bfEn qu\u00e9 podemos ayudarle?\"><\/textarea>\t\t\t\t<\/div>\n\t\t\t\t\t\t\t\t<div class=\"elementor-field-type-acceptance elementor-field-group elementor-column elementor-field-group-field_e2badc6 elementor-col-100\">\n\t\t\t\t\t\t\t<div class=\"elementor-field-subgroup\">\n\t\t\t<span class=\"elementor-field-option\">\n\t\t\t\t<input type=\"checkbox\" name=\"form_fields[field_e2badc6]\" id=\"form-field-field_e2badc6\" class=\"elementor-field elementor-size-sm  elementor-acceptance-field\">\n\t\t\t\t<label for=\"form-field-field_e2badc6\">Suscribirse al bolet\u00edn de noticias  <\/label>\t\t\t<\/span>\n\t\t<\/div>\n\t\t\t\t\t\t<\/div>\n\t\t\t\t\t\t\t\t<div class=\"elementor-field-type-recaptcha_v3 elementor-field-group elementor-column elementor-field-group-field_b736cc5 elementor-col-100 recaptcha_v3-bottomright\">\n\t\t\t\t\t<div class=\"elementor-field\" id=\"form-field-field_b736cc5\"><div class=\"elementor-g-recaptcha\" data-sitekey=\"6LfzT90rAAAAALLje-yVT0zjbeZiXpg_knCdCNXS\" data-type=\"v3\" data-action=\"Form\" data-badge=\"bottomright\" data-size=\"invisible\"><\/div><\/div>\t\t\t\t<\/div>\n\t\t\t\t\t\t\t\t<div class=\"elementor-field-group elementor-column elementor-field-type-submit elementor-col-70 e-form__buttons\">\n\t\t\t\t\t<button class=\"elementor-button elementor-size-sm\" type=\"submit\">\n\t\t\t\t\t\t<span class=\"elementor-button-content-wrapper\">\n\t\t\t\t\t\t\t\t\t\t\t\t\t\t\t\t\t\t\t\t\t\t<span class=\"elementor-button-text\">Enviar<\/span>\n\t\t\t\t\t\t\t\t\t\t\t\t\t<\/span>\n\t\t\t\t\t<\/button>\n\t\t\t\t<\/div>\n\t\t\t<\/div>\n\t\t<\/form>\n\t\t\t\t\t\t<\/div>\n\t\t\t\t<\/div>\n\t\t\t\t<\/div>\n\t\t\t\t\t<\/div>\n\t\t\t\t<\/div>\n\t\t<div class=\"elementor-element elementor-element-e298528 e-flex e-con-boxed e-con e-parent\" data-id=\"e298528\" data-element_type=\"container\">\n\t\t\t\t\t<div class=\"e-con-inner\">\n\t\t\t\t<div class=\"elementor-element elementor-element-01c5daf elementor-widget elementor-widget-html\" data-id=\"01c5daf\" data-element_type=\"widget\" data-widget_type=\"html.default\">\n\t\t\t\t<div class=\"elementor-widget-container\">\n\t\t\t\t\t<style>.scrollra { height:70vh; overflow:hidden scroll; }\r\n    \r\n    \/*.scrollra::-webkit-scrollbar { width:4px; background:#fff; }*\/\r\n    \/*.scrollra::-webkit-scrollbar-thumb { border-radius:8px; background:#098E9B; }*\/\r\n    \r\n    .scrollra { scrollbar-width:none; -ms-overflow-style:none; }\r\n<\/style>\t\t\t\t<\/div>\n\t\t\t\t<\/div>\n\t\t\t\t\t<\/div>\n\t\t\t\t<\/div>\n\t\t\t\t<\/div>\n\t\t","protected":false},"excerpt":{"rendered":"<p>Caspar Berger Caspar Berger hace arte conceptual en el que la actualidad y el canon hist\u00f3rico del arte desempe\u00f1an un papel fundamental. En \u00e9l, el autorretrato y su propio cuerpo suelen ser el punto de partida de obras en las que temas como la libertad, la mortalidad y los sistemas pol\u00edticos (de creencias) desempe\u00f1an un [&hellip;]<\/p>\n","protected":false},"author":1,"featured_media":0,"parent":0,"menu_order":0,"comment_status":"closed","ping_status":"closed","template":"elementor_header_footer","meta":{"_acf_changed":false,"footnotes":""},"acf":[],"_links":{"self":[{"href":"https:\/\/casparberger.com\/es\/wp-json\/wp\/v2\/pages\/8083"}],"collection":[{"href":"https:\/\/casparberger.com\/es\/wp-json\/wp\/v2\/pages"}],"about":[{"href":"https:\/\/casparberger.com\/es\/wp-json\/wp\/v2\/types\/page"}],"author":[{"embeddable":true,"href":"https:\/\/casparberger.com\/es\/wp-json\/wp\/v2\/users\/1"}],"replies":[{"embeddable":true,"href":"https:\/\/casparberger.com\/es\/wp-json\/wp\/v2\/comments?post=8083"}],"version-history":[{"count":14,"href":"https:\/\/casparberger.com\/es\/wp-json\/wp\/v2\/pages\/8083\/revisions"}],"predecessor-version":[{"id":14892,"href":"https:\/\/casparberger.com\/es\/wp-json\/wp\/v2\/pages\/8083\/revisions\/14892"}],"wp:attachment":[{"href":"https:\/\/casparberger.com\/es\/wp-json\/wp\/v2\/media?parent=8083"}],"curies":[{"name":"wp","href":"https:\/\/api.w.org\/{rel}","templated":true}]}}