{"id":8077,"date":"2023-11-23T11:06:44","date_gmt":"2023-11-23T11:06:44","guid":{"rendered":"https:\/\/casparberger.com\/piel\/"},"modified":"2024-03-20T21:04:41","modified_gmt":"2024-03-20T21:04:41","slug":"piel","status":"publish","type":"page","link":"https:\/\/casparberger.com\/es\/piel\/","title":{"rendered":"Skin"},"content":{"rendered":"<style>\/*! elementor - v3.20.0 - 13-03-2024 *\/\n.elementor-heading-title{padding:0;margin:0;line-height:1}.elementor-widget-heading .elementor-heading-title[class*=elementor-size-]&gt;a{color:inherit;font-size:inherit;line-height:inherit}.elementor-widget-heading .elementor-heading-title.elementor-size-small{font-size:15px}.elementor-widget-heading .elementor-heading-title.elementor-size-medium{font-size:19px}.elementor-widget-heading .elementor-heading-title.elementor-size-large{font-size:29px}.elementor-widget-heading .elementor-heading-title.elementor-size-xl{font-size:39px}.elementor-widget-heading .elementor-heading-title.elementor-size-xxl{font-size:59px}<\/style>\n<h2>Skin<\/h2>\n<p>\t\t<strong><\/p>\n<h6>La piel como frontera entre el yo y el mundo exterior<\/h6>\n<p><\/strong><br \/>\nLa piel es el \u00f3rgano m\u00e1s grande del ser humano y tambi\u00e9n constituye la frontera entre nuestro mundo interior y exterior.<br \/>\nLa piel nos da nuestra identidad tangible \u00fanica y mantiene unido nuestro mundo f\u00edsico interno. Sin piel, nos<br \/>\nser una masa informe.<br \/>\nA lo largo de los siglos, artistas y cient\u00edficos han sentido una gran fascinaci\u00f3n por la piel como l\u00edmite, porque<br \/>\n\u00bfqu\u00e9 hay bajo esa membrana que separa el mundo interior del exterior? Estudio anat\u00f3mico del cuerpo humano<br \/>\npermiti\u00f3 representar de la mejor manera posible el mundo interior y la m\u00e1quina biol\u00f3gica que es el cuerpo<br \/>\ncomprender mejor. Con SKIN, contin\u00fao esta tradici\u00f3n. El concepto de piel como l\u00edmite o membrana da<br \/>\na m\u00ed, como artista visual, infinitas posibilidades. Como resultado, SKIN se ha convertido en un proyecto continuo, del que<br \/>\nlas primeras obras surgieron en 2005.<br \/>\n<strong><\/p>\n<h6>La frontera entre el yo y el mundo exterior<\/h6>\n<p><\/strong><br \/>\nUna piel define algo m\u00e1s que una frontera entre el cuerpo interno del yo personal y lo impersonal de<br \/>\nel mundo exterior. El espacio bajo nuestra piel es indiscutiblemente nuestro espacio personal, pero el espacio inmediatamente posterior es en muchos sentidos p\u00fablico. Esto convierte inmediatamente en un punto de discordia d\u00f3nde termina nuestro &#8220;yo&#8221; y lo externo<br \/>\ncomienza el mundo.<br \/>\nEn este sentido, la piel forma una frontera mental, una barrera entre nuestra propia integridad corporal y el espacio p\u00fablico social, econ\u00f3mico y pol\u00edtico que hay m\u00e1s all\u00e1.<br \/>\n<strong><\/p>\n<h6>Una copia de mi documento de identidad<\/h6>\n<p><\/strong><br \/>\nLa piel como met\u00e1fora del l\u00edmite f\u00edsico de nuestra identidad individual ha sido el inicio de una larga serie de<br \/>\nautorretratos. Utilizando moldes de silicona de mi piel, obtuve una copia exacta de la m\u00eda,<br \/>\npiel \u00fanica. Esta piel pod\u00eda usarla y manipularla f\u00edsicamente. Utilizando la met\u00e1fora de la piel, pude explorar temas universales<br \/>\ncuestionando.<br \/>\nAs\u00ed, lo interior se convierte en exterior (Piet\u00e0) y lo positivo en negativo (Imagen \/ Autorretrato 5). Adem\u00e1s, podr\u00eda literalmente hacer que mi piel<br \/>\nestirar (Personal Space \/ Self-Portrait 12) o aplicar como revestimiento a un &#8220;posavasos&#8221; ya existente. Un ejemplo es Torso \/ Autorretrato 6, donde utilic\u00e9 el Torso Belv\u00e8dere como &#8220;posavasos&#8221;.<br \/>\nEn mis versiones de este Torso, me estoy midiendo literalmente con el s\u00edmbolo de la escultura y, por tanto, de mi identidad cultural. \u00bfQu\u00e9 es &#8220;la imagen fiel&#8221;? Con esto me refiero al tan importante en la historia del arte<br \/>\ntema del &#8220;icono vera&#8221;: \u00bfcu\u00e1nto &#8220;yo&#8221; se necesita para un autorretrato?<br \/>\n<strong><\/p>\n<h6>Identidad y espacio personal  <\/h6>\n<p><\/strong><br \/>\n  En \u00faltima instancia, la cuesti\u00f3n es hasta d\u00f3nde llega nuestro espacio personal y c\u00f3mo la etiqueta social, econ\u00f3mica y pol\u00edtica<br \/>\nsobre los que se han creado y definido. La etiqueta y las convenciones tienen una larga historia cultural, pero la forma<br \/>\nse determina una y otra vez. Las fantas\u00edas e historias colectivas que forman est\u00e1n en constante cambio,<br \/>\nya sean personales, pol\u00edticas o religiosas. Juntos, dan forma a nuestro espacio personal virtual ficticio, formando historias que son muchas veces m\u00e1s poderosas que la realidad. Ah\u00ed es donde me encuentro constantemente como artista visual.<br \/>\ninspirado en \u00e9l.<br \/>\n\t\t\t<a href=\"#down\"><br \/>\n\t\t\t\t<svg xmlns=\"http:\/\/www.w3.org\/2000\/svg\" aria-hidden=\"true\" viewbox=\"0 0 320 512\"><path d=\"M143 352.3L7 216.3c-9.4-9.4-9.4-24.6 0-33.9l22.6-22.6c9.4-9.4 24.6-9.4 33.9 0l96.4 96.4 96.4-96.4c9.4-9.4 24.6-9.4 33.9 0l22.6 22.6c9.4 9.4 9.4 24.6 0 33.9l-136 136c-9.2 9.4-24.4 9.4-33.8 0z\"><\/path><\/svg><br \/>\n  M\u00e1s informaci\u00f3n<br \/>\n\t\t\t\t\t<\/a><\/p>\n","protected":false},"excerpt":{"rendered":"<p>Skin La piel como frontera entre el yo y el mundo exterior La piel es el \u00f3rgano m\u00e1s grande del ser humano y tambi\u00e9n constituye la frontera entre nuestro mundo interior y exterior. La piel nos da nuestra identidad tangible \u00fanica y mantiene unido nuestro mundo f\u00edsico interno. Sin piel, nos ser una masa informe. [&hellip;]<\/p>\n","protected":false},"author":1,"featured_media":0,"parent":0,"menu_order":0,"comment_status":"closed","ping_status":"closed","template":"","meta":{"_acf_changed":false,"footnotes":""},"acf":[],"_links":{"self":[{"href":"https:\/\/casparberger.com\/es\/wp-json\/wp\/v2\/pages\/8077"}],"collection":[{"href":"https:\/\/casparberger.com\/es\/wp-json\/wp\/v2\/pages"}],"about":[{"href":"https:\/\/casparberger.com\/es\/wp-json\/wp\/v2\/types\/page"}],"author":[{"embeddable":true,"href":"https:\/\/casparberger.com\/es\/wp-json\/wp\/v2\/users\/1"}],"replies":[{"embeddable":true,"href":"https:\/\/casparberger.com\/es\/wp-json\/wp\/v2\/comments?post=8077"}],"version-history":[{"count":7,"href":"https:\/\/casparberger.com\/es\/wp-json\/wp\/v2\/pages\/8077\/revisions"}],"predecessor-version":[{"id":11160,"href":"https:\/\/casparberger.com\/es\/wp-json\/wp\/v2\/pages\/8077\/revisions\/11160"}],"wp:attachment":[{"href":"https:\/\/casparberger.com\/es\/wp-json\/wp\/v2\/media?parent=8077"}],"curies":[{"name":"wp","href":"https:\/\/api.w.org\/{rel}","templated":true}]}}