{"id":11427,"date":"2023-11-22T04:03:32","date_gmt":"2023-11-22T03:03:32","guid":{"rendered":"https:\/\/casparberger.com\/kontakt\/"},"modified":"2026-04-21T08:50:26","modified_gmt":"2026-04-21T07:50:26","slug":"kontakt","status":"publish","type":"page","link":"https:\/\/casparberger.com\/de\/kontakt\/","title":{"rendered":"INFO"},"content":{"rendered":"\t\t<div data-elementor-type=\"wp-page\" data-elementor-id=\"11427\" class=\"elementor elementor-11427 elementor-504\" data-elementor-post-type=\"page\">\n\t\t\t\t<div class=\"elementor-element elementor-element-90d69bd e-flex e-con-boxed e-con e-parent\" data-id=\"90d69bd\" data-element_type=\"container\">\n\t\t\t\t\t<div class=\"e-con-inner\">\n\t\t<div class=\"elementor-element elementor-element-c6865dc e-con-full e-flex e-con e-child\" data-id=\"c6865dc\" data-element_type=\"container\">\n\t\t\t\t<div class=\"elementor-element elementor-element-e6c7614 elementor-widget elementor-widget-heading\" data-id=\"e6c7614\" data-element_type=\"widget\" data-widget_type=\"heading.default\">\n\t\t\t\t<div class=\"elementor-widget-container\">\n\t\t\t\t\t<h2 class=\"elementor-heading-title elementor-size-default\">Caspar Berger<\/h2>\t\t\t\t<\/div>\n\t\t\t\t<\/div>\n\t\t<div class=\"elementor-element elementor-element-04d204a e-con-full e-flex e-con e-child\" data-id=\"04d204a\" data-element_type=\"container\">\n\t\t<div class=\"elementor-element elementor-element-a6a8721 e-con-full e-flex e-con e-child\" data-id=\"a6a8721\" data-element_type=\"container\">\n\t\t\t\t<div class=\"elementor-element elementor-element-b3525a6 elementor-widget elementor-widget-text-editor\" data-id=\"b3525a6\" data-element_type=\"widget\" data-widget_type=\"text-editor.default\">\n\t\t\t\t<div class=\"elementor-widget-container\">\n\t\t\t\t\t\t\t\t\t<p>Caspar Berger macht konzeptionelle Kunst, in der das Zeitgeschehen und der kunsthistorische Kanon eine gro\u00dfe Rolle spielen. Dabei sind das Selbstportr\u00e4t und der eigene K\u00f6rper oft der Ausgangspunkt f\u00fcr Werke, in denen Themen wie Freiheit, Sterblichkeit und politische (Glaubens-)Systeme eine wichtige Rolle spielen. Dabei verwendet Berger eine Vielzahl von Materialien, darunter Bronze, Silber, Gold, Silikon, Epoxid, Holz und Filz, sowie Video und Multimedia oder eine Kombination davon. Das Werk von Caspar Berger gliedert sich in eine Reihe umfangreicher Serien; Themen sind hier: SKIN, SKELETON, UNIVERSE und SPIRIT.<\/p>\t\t\t\t\t\t\t\t<\/div>\n\t\t\t\t<\/div>\n\t\t\t\t<div class=\"elementor-element elementor-element-fb2b72e elementor-widget elementor-widget-text-editor\" data-id=\"fb2b72e\" data-element_type=\"widget\" data-widget_type=\"text-editor.default\">\n\t\t\t\t<div class=\"elementor-widget-container\">\n\t\t\t\t\t\t\t\t\t<p>Bei <a href=\"https:\/\/casparberger.com\/de\/haut\/\">SKIN<\/a> ist der Ausgangspunkt die menschliche Haut. Die Haut definiert die Grenze zwischen dem inneren K\u00f6rper des pers\u00f6nlichen &#8220;Ichs&#8221; und dem unpers\u00f6nlichen der Au\u00dfenwelt. F\u00fcr <a href=\"https:\/\/casparberger.com\/skeleton\/\">SKELETON<\/a> erstellte Berger 2012 mithilfe eines CT-Scans eine exakte 3D-Kopie seines Skeletts. Unsere &#8220;ewige&#8221; Identit\u00e4t, die Identit\u00e4t, die etwas dar\u00fcber aussagen kann, wer wir auch nach unserem Tod waren, ist der Ausgangspunkt. Bei <a href=\"https:\/\/casparberger.com\/universe\/\">UNIVERSE<\/a> konzentriert sich Berger auf den Raum, den der Mensch in sozialen und politischen Situationen einnimmt. Wer sind wir in Bezug auf unseren physischen, sozialen und politischen Raum und wie verh\u00e4lt sich unsere einzigartige Identit\u00e4t zu den kollektiven Fantasien, von denen wir gepr\u00e4gt wurden. Und in <a href=\"https:\/\/casparberger.com\/spirit\/\">SPIRIT<\/a>, der j\u00fcngst gestarteten Projektreihe, erforscht Berger das Thema der Lebenseinstellungen und Lebensfragen, die sich aus der menschlichen Unzul\u00e4nglichkeit ergeben. Dabei geht es nicht nur um die \u00fcbermenschliche Bedeutung von Spirit, sondern auch um die geistige Haltung, die man in unserem sozialen, politischen und gesellschaftlichen Umfeld einnehmen kann.<\/p>\t\t\t\t\t\t\t\t<\/div>\n\t\t\t\t<\/div>\n\t\t\t\t<div class=\"elementor-element elementor-element-fd07842 elementor-widget elementor-widget-image\" data-id=\"fd07842\" data-element_type=\"widget\" data-widget_type=\"image.default\">\n\t\t\t\t<div class=\"elementor-widget-container\">\n\t\t\t\t\t\t\t\t\t\t\t\t\t\t\t<img fetchpriority=\"high\" decoding=\"async\" width=\"1338\" height=\"1536\" src=\"https:\/\/casparberger.com\/wp-content\/uploads\/2025\/10\/caspar-berger-portret-AL-1338x1536.jpg\" class=\"attachment-1536x1536 size-1536x1536 wp-image-14704\" alt=\"\" srcset=\"https:\/\/casparberger.com\/wp-content\/uploads\/2025\/10\/caspar-berger-portret-AL-1338x1536.jpg 1338w, https:\/\/casparberger.com\/wp-content\/uploads\/2025\/10\/caspar-berger-portret-AL-261x300.jpg 261w, https:\/\/casparberger.com\/wp-content\/uploads\/2025\/10\/caspar-berger-portret-AL-892x1024.jpg 892w, https:\/\/casparberger.com\/wp-content\/uploads\/2025\/10\/caspar-berger-portret-AL-768x882.jpg 768w, https:\/\/casparberger.com\/wp-content\/uploads\/2025\/10\/caspar-berger-portret-AL-1784x2048.jpg 1784w\" sizes=\"(max-width: 1338px) 100vw, 1338px\" \/>\t\t\t\t\t\t\t\t\t\t\t\t\t\t\t<\/div>\n\t\t\t\t<\/div>\n\t\t\t\t<div class=\"elementor-element elementor-element-e1e16e3 elementor-widget elementor-widget-text-editor\" data-id=\"e1e16e3\" data-element_type=\"widget\" data-widget_type=\"text-editor.default\">\n\t\t\t\t<div class=\"elementor-widget-container\">\n\t\t\t\t\t\t\t\t\t<p><span class=\"s3\">Berger wurde am 24. Januar 1965 in Utrecht, Niederlande, geboren. Von 1984 bis 1990 studierte er plastische und r\u00e4umliche Formen am AKI in Enschede. Dort wurde er von Maja van Hall, Ad Gerritse, Albert van der Weide, Helen Frik und Hans  <\/span><span class=\"s3\">Ebeling<\/span><span class=\"s3\">  K\u00f6nig. Dabei ging es nicht um die klassische Bildhauerei, sondern um die Komposition einer Skulptur. Berger schuf Mixed-Media-Arbeiten aus abstrakten Konstruktionen in Kombination mit Video. W\u00e4hrend seiner  <\/span><span class=\"s3\">nach der akademischen Ausbildung<\/span><span class=\"s3\"> W\u00e4hrend seines Studiums an der Jan van Eyck Academy in Maastricht von 1990 bis 1992 lie\u00df er sich von der Arbeit von Videok\u00fcnstlern wie Bill Viola, Bruce <\/span><span class=\"s3\">Nauman<\/span><span class=\"s3\"> und Nam <\/span><span class=\"s3\">June<\/span> <span class=\"s3\">Paik<\/span><span class=\"s3\">.<\/span><\/p>\t\t\t\t\t\t\t\t<\/div>\n\t\t\t\t<\/div>\n\t\t\t\t<div class=\"elementor-element elementor-element-8037f9f elementor-widget elementor-widget-text-editor\" data-id=\"8037f9f\" data-element_type=\"widget\" data-widget_type=\"text-editor.default\">\n\t\t\t\t<div class=\"elementor-widget-container\">\n\t\t\t\t\t\t\t\t\t<p><span class=\"s3\">Beeinflusst von seiner Bewunderung f\u00fcr die italienische <\/span><span class=\"s3\">Hochrenaissance<\/span><span class=\"s3\"> hat er <\/span><span class=\"s3\">dann <\/span> <span class=\"s3\">f\u00fcr die Bildhauerei. Unter dem Einfluss seines ehemaligen Lehrers Ad Gerritse entsteht ein neues Interesse an figurativer Kunst mit konzeptioneller Bedeutung.<\/span><\/p>\t\t\t\t\t\t\t\t<\/div>\n\t\t\t\t<\/div>\n\t\t\t\t<div class=\"elementor-element elementor-element-7bdc448 elementor-widget elementor-widget-text-editor\" data-id=\"7bdc448\" data-element_type=\"widget\" data-widget_type=\"text-editor.default\">\n\t\t\t\t<div class=\"elementor-widget-container\">\n\t\t\t\t\t\t\t\t\t<p><span class=\"s3\">Im Jahr 2007, <\/span><span class=\"s3\">in den Niederlanden <\/span><span class=\"s3\">seine erste museale Einzelausstellung im <\/span><span class=\"s3\">Museum Beelden aan Zee<\/span><span class=\"s3\">Den Haag-Scheveningen, <\/span><span class=\"s3\">die den Weg ebnet<\/span><span class=\"s3\"> den Weg ebnet f\u00fcr<\/span><span class=\"s3\">  die breite \u00d6ffentlichkeit. Dort stellte er eine breite Palette von Werken aus, darunter<\/span> <span class=\"s3\">seine Version einer<\/span> <span class=\"s3\">Piet\u00e0<\/span><span class=\"s3\">,<\/span> <span class=\"s6\">als<\/span><span class=\"s6\">Denkmal f\u00fcr alle M\u00fctter mit toten S\u00f6hnen<\/span><span class=\"s6\">, ein Werk <\/span><span class=\"s3\">in Anlehnung an<\/span> <span class=\"s6\">Michelangelo<\/span><span class=\"s6\">&#8216;<\/span><span class=\"s6\">s <\/span><span class=\"s6\">Version der <\/span><span class=\"s6\">trauernden Maria mit ihrem <\/span><span class=\"s6\">gekreuzigten<\/span><span class=\"s6\"> Sohn in den Armen, eines der vollkommensten Bilder der Kunstgeschichte<\/span><span class=\"s6\">. Au\u00dferdem gab es die Arbeit  <\/span><span class=\"s6\">Die Familie<\/span><span class=\"s6\"> siehe<\/span><span class=\"s6\">, e<\/span><span class=\"s6\">eine Hommage a<\/span><span class=\"s6\">an die<\/span><span class=\"s6\"> sozialen Gruppe <\/span><span class=\"s6\">in der Sie geboren wurden <\/span><span class=\"s6\">geboren <\/span><span class=\"s6\">geboren wird<\/span><span class=\"s6\"> mit der <\/span> <span class=\"s3\">Machtstrukturen, die mit dem Begriff der Familie verbunden sind. Mit der bewusst &#8220;affektierten&#8221; Erscheinung setzt Berger seine Position in Beziehung zu Bildhauern wie  <\/span><span class=\"s3\">Cellini<\/span><span class=\"s3\"> und Michelangelo, die er als seine wichtigsten Vorbilder in der Kunstgeschichte betrachtet.<\/span><\/p>\t\t\t\t\t\t\t\t<\/div>\n\t\t\t\t<\/div>\n\t\t\t\t<div class=\"elementor-element elementor-element-9565473 elementor-widget elementor-widget-text-editor\" data-id=\"9565473\" data-element_type=\"widget\" data-widget_type=\"text-editor.default\">\n\t\t\t\t<div class=\"elementor-widget-container\">\n\t\t\t\t\t\t\t\t\t<p><span class=\"s3\">Bergers Werke befinden sich in  <\/span><span class=\"s3\">verschiedene niederl\u00e4ndische Museen  <\/span><span class=\"s3\">Sammlungen<\/span><span class=\"s3\">  als  <\/span><span class=\"s3\">m<\/span><span class=\"s3\">useum Statuen am Meer<\/span><span class=\"s3\">  In Den Haag-Scheveningen,  <\/span><span class=\"s3\">Rijksmuseum Amsterdam<\/span><span class=\"s3\">,  <\/span><span class=\"s3\">Museum  <\/span><span class=\"s3\">S\u00e4ngerin<\/span><span class=\"s3\">  Laren<\/span><span class=\"s3\">,  <\/span><span class=\"s3\">und  <\/span><span class=\"s3\">in Unternehmenssammlungen wie ING  <\/span><span class=\"s3\">Sammlung<\/span><span class=\"s3\">  und die  <\/span><span class=\"s3\">Kunstsammlung Achmea<\/span><span class=\"s3\">.<\/span> <span class=\"s3\">I<\/span><span class=\"s3\">n Ausland<\/span><span class=\"s3\">  zum Beispiel in der<\/span> <span class=\"s3\">Fundacio<\/span><span class=\"s3\">\u0301 NUMA &#8211;  <\/span><span class=\"s3\">Espais<\/span><span class=\"s3\">  die  <\/span><span class=\"s3\">Cultura<\/span><span class=\"s3\">(Spanien) Menorca, Spanien,  <\/span><span class=\"s3\">die  <\/span><span class=\"s3\">Katrin  <\/span><span class=\"s3\">Bellinger<\/span><span class=\"s3\">  Sammlung<\/span><span class=\"s3\">  und die Gemeinde  <\/span><span class=\"s3\">Bad Homburg. Berger  <\/span><span class=\"s3\">realisiert<\/span><span class=\"s3\"> auch <\/span><span class=\"s3\">mehrere gro\u00dfe <\/span><span class=\"s3\">Arbeiten<\/span><span class=\"s3\">und<\/span> <span class=\"s3\">in Auftrag gegeben<\/span><span class=\"s3\">. Seine Arbeit wurde mit dem  <\/span><span class=\"s3\">S\u00e4ngerin<\/span><span class=\"s3\"> Preis 2013 und den Sacha Tanja Penning 2014.<\/span><\/p>\t\t\t\t\t\t\t\t<\/div>\n\t\t\t\t<\/div>\n\t\t\t\t<div class=\"elementor-element elementor-element-73aa0de elementor-widget elementor-widget-text-editor\" data-id=\"73aa0de\" data-element_type=\"widget\" data-widget_type=\"text-editor.default\">\n\t\t\t\t<div class=\"elementor-widget-container\">\n\t\t\t\t\t\t\t\t\t<p><em>Fotografiearbeiten:<\/em> Erik und Petra Hesmerg <br><em>Fotografieprozess: <\/em>Annick Vroom und Caspar Berger<br><em>Website-Design: <\/em>Anne Lakeman<br><em>Website-Implementierung: Flowhub<\/em><\/p>\t\t\t\t\t\t\t\t<\/div>\n\t\t\t\t<\/div>\n\t\t\t\t<\/div>\n\t\t\t\t<\/div>\n\t\t\t\t<\/div>\n\t\t<div class=\"elementor-element elementor-element-f2e6c98 e-con-full e-flex e-con e-child\" data-id=\"f2e6c98\" data-element_type=\"container\">\n\t\t<div class=\"elementor-element elementor-element-c5e4cd2 e-con-full e-flex e-con e-child\" data-id=\"c5e4cd2\" data-element_type=\"container\">\n\t\t\t\t<div class=\"elementor-element elementor-element-4b91b40 elementor-widget elementor-widget-text-editor\" data-id=\"4b91b40\" data-element_type=\"widget\" data-widget_type=\"text-editor.default\">\n\t\t\t\t<div class=\"elementor-widget-container\">\n\t\t\t\t\t\t\t\t\t<p>F\u00fcr Informationen zum Verkauf oder zu Ausstellungen wenden Sie sich bitte an:<\/p><h6>NQ GALLERY<\/h6><p>Mechelsesteenweg 11<br>2018 Antwerpen, Belgien<br>+32 4 685 32 568<\/p><p><a href=\"mailto:info@nqgallery.be\">info@nqgallery.be<\/a><\/p><p>Oder senden Sie uns eine Nachricht \u00fcber das untenstehende Formular.<\/p>\t\t\t\t\t\t\t\t<\/div>\n\t\t\t\t<\/div>\n\t\t\t\t<\/div>\n\t\t\t\t<div class=\"elementor-element elementor-element-d2eb8ed elementor-widget elementor-widget-heading\" data-id=\"d2eb8ed\" data-element_type=\"widget\" data-widget_type=\"heading.default\">\n\t\t\t\t<div class=\"elementor-widget-container\">\n\t\t\t\t\t<h2 class=\"elementor-heading-title elementor-size-default\">Kontakt-Formular<\/h2>\t\t\t\t<\/div>\n\t\t\t\t<\/div>\n\t\t\t\t<div class=\"elementor-element elementor-element-c37752c elementor-button-align-stretch elementor-widget elementor-widget-form\" data-id=\"c37752c\" data-element_type=\"widget\" data-settings=\"{&quot;button_width&quot;:&quot;70&quot;,&quot;step_next_label&quot;:&quot;Weiter&quot;,&quot;step_previous_label&quot;:&quot;Vorherige&quot;,&quot;step_type&quot;:&quot;number_text&quot;,&quot;step_icon_shape&quot;:&quot;circle&quot;}\" data-widget_type=\"form.default\">\n\t\t\t\t<div class=\"elementor-widget-container\">\n\t\t\t\t\t\t\t<form class=\"elementor-form\" method=\"post\" name=\"Casper Berger Formular\">\n\t\t\t<input type=\"hidden\" name=\"post_id\" value=\"11427\"\/>\n\t\t\t<input type=\"hidden\" name=\"form_id\" value=\"c37752c\"\/>\n\t\t\t<input type=\"hidden\" name=\"referer_title\" value=\"\" \/>\n\n\t\t\t\n\t\t\t<div class=\"elementor-form-fields-wrapper elementor-labels-\">\n\t\t\t\t\t\t\t\t<div class=\"elementor-field-type-text elementor-field-group elementor-column elementor-field-group-name elementor-col-100\">\n\t\t\t\t\t\t\t\t\t\t\t\t<label for=\"form-field-name\" class=\"elementor-field-label elementor-screen-only\">\n\t\t\t\t\t\t\t\tName\t\t\t\t\t\t\t<\/label>\n\t\t\t\t\t\t\t\t\t\t\t\t\t\t<input size=\"1\" type=\"text\" name=\"form_fields[name]\" id=\"form-field-name\" class=\"elementor-field elementor-size-sm  elementor-field-textual\" placeholder=\"Vor- und Nachname  \">\n\t\t\t\t\t\t\t\t\t\t\t<\/div>\n\t\t\t\t\t\t\t\t<div class=\"elementor-field-type-email elementor-field-group elementor-column elementor-field-group-email elementor-col-100 elementor-field-required\">\n\t\t\t\t\t\t\t\t\t\t\t\t<label for=\"form-field-email\" class=\"elementor-field-label elementor-screen-only\">\n\t\t\t\t\t\t\t\tE-Mail\t\t\t\t\t\t\t<\/label>\n\t\t\t\t\t\t\t\t\t\t\t\t\t\t<input size=\"1\" type=\"email\" name=\"form_fields[email]\" id=\"form-field-email\" class=\"elementor-field elementor-size-sm  elementor-field-textual\" placeholder=\"E-Mail\" required=\"required\">\n\t\t\t\t\t\t\t\t\t\t\t<\/div>\n\t\t\t\t\t\t\t\t<div class=\"elementor-field-type-textarea elementor-field-group elementor-column elementor-field-group-message elementor-col-100\">\n\t\t\t\t\t\t\t\t\t\t\t\t<label for=\"form-field-message\" class=\"elementor-field-label elementor-screen-only\">\n\t\t\t\t\t\t\t\tNachricht\t\t\t\t\t\t\t<\/label>\n\t\t\t\t\t\t<textarea class=\"elementor-field-textual elementor-field  elementor-size-sm\" name=\"form_fields[message]\" id=\"form-field-message\" rows=\"4\" placeholder=\"Womit k\u00f6nnen wir Ihnen helfen?\"><\/textarea>\t\t\t\t<\/div>\n\t\t\t\t\t\t\t\t<div class=\"elementor-field-type-acceptance elementor-field-group elementor-column elementor-field-group-field_e2badc6 elementor-col-100\">\n\t\t\t\t\t\t\t<div class=\"elementor-field-subgroup\">\n\t\t\t<span class=\"elementor-field-option\">\n\t\t\t\t<input type=\"checkbox\" name=\"form_fields[field_e2badc6]\" id=\"form-field-field_e2badc6\" class=\"elementor-field elementor-size-sm  elementor-acceptance-field\">\n\t\t\t\t<label for=\"form-field-field_e2badc6\">Abonnieren Sie den Newsletter  <\/label>\t\t\t<\/span>\n\t\t<\/div>\n\t\t\t\t\t\t<\/div>\n\t\t\t\t\t\t\t\t<div class=\"elementor-field-type-recaptcha_v3 elementor-field-group elementor-column elementor-field-group-field_b736cc5 elementor-col-100 recaptcha_v3-bottomright\">\n\t\t\t\t\t<div class=\"elementor-field\" id=\"form-field-field_b736cc5\"><div class=\"elementor-g-recaptcha\" data-sitekey=\"6LfzT90rAAAAALLje-yVT0zjbeZiXpg_knCdCNXS\" data-type=\"v3\" data-action=\"Form\" data-badge=\"bottomright\" data-size=\"invisible\"><\/div><\/div>\t\t\t\t<\/div>\n\t\t\t\t\t\t\t\t<div class=\"elementor-field-group elementor-column elementor-field-type-submit elementor-col-70 e-form__buttons\">\n\t\t\t\t\t<button class=\"elementor-button elementor-size-sm\" type=\"submit\">\n\t\t\t\t\t\t<span class=\"elementor-button-content-wrapper\">\n\t\t\t\t\t\t\t\t\t\t\t\t\t\t\t\t\t\t\t\t\t\t<span class=\"elementor-button-text\">Senden Sie<\/span>\n\t\t\t\t\t\t\t\t\t\t\t\t\t<\/span>\n\t\t\t\t\t<\/button>\n\t\t\t\t<\/div>\n\t\t\t<\/div>\n\t\t<\/form>\n\t\t\t\t\t\t<\/div>\n\t\t\t\t<\/div>\n\t\t\t\t<\/div>\n\t\t\t\t\t<\/div>\n\t\t\t\t<\/div>\n\t\t<div class=\"elementor-element elementor-element-e298528 e-flex e-con-boxed e-con e-parent\" data-id=\"e298528\" data-element_type=\"container\">\n\t\t\t\t\t<div class=\"e-con-inner\">\n\t\t\t\t<div class=\"elementor-element elementor-element-01c5daf elementor-widget elementor-widget-html\" data-id=\"01c5daf\" data-element_type=\"widget\" data-widget_type=\"html.default\">\n\t\t\t\t<div class=\"elementor-widget-container\">\n\t\t\t\t\t<style>.scrollra { height:70vh; overflow:hidden scroll; }\r\n    \r\n    \/*.scrollra::-webkit-scrollbar { width:4px; background:#fff; }*\/\r\n    \/*.scrollra::-webkit-scrollbar-thumb { border-radius:8px; background:#098E9B; }*\/\r\n    \r\n    .scrollra { scrollbar-width:none; -ms-overflow-style:none; }\r\n<\/style>\t\t\t\t<\/div>\n\t\t\t\t<\/div>\n\t\t\t\t\t<\/div>\n\t\t\t\t<\/div>\n\t\t\t\t<\/div>\n\t\t","protected":false},"excerpt":{"rendered":"<p>Caspar Berger Caspar Berger macht konzeptionelle Kunst, in der das Zeitgeschehen und der kunsthistorische Kanon eine gro\u00dfe Rolle spielen. Dabei sind das Selbstportr\u00e4t und der eigene K\u00f6rper oft der Ausgangspunkt f\u00fcr Werke, in denen Themen wie Freiheit, Sterblichkeit und politische (Glaubens-)Systeme eine wichtige Rolle spielen. Dabei verwendet Berger eine Vielzahl von Materialien, darunter Bronze, Silber, [&hellip;]<\/p>\n","protected":false},"author":1,"featured_media":0,"parent":0,"menu_order":0,"comment_status":"closed","ping_status":"closed","template":"elementor_header_footer","meta":{"_acf_changed":false,"footnotes":""},"acf":[],"_links":{"self":[{"href":"https:\/\/casparberger.com\/de\/wp-json\/wp\/v2\/pages\/11427"}],"collection":[{"href":"https:\/\/casparberger.com\/de\/wp-json\/wp\/v2\/pages"}],"about":[{"href":"https:\/\/casparberger.com\/de\/wp-json\/wp\/v2\/types\/page"}],"author":[{"embeddable":true,"href":"https:\/\/casparberger.com\/de\/wp-json\/wp\/v2\/users\/1"}],"replies":[{"embeddable":true,"href":"https:\/\/casparberger.com\/de\/wp-json\/wp\/v2\/comments?post=11427"}],"version-history":[{"count":6,"href":"https:\/\/casparberger.com\/de\/wp-json\/wp\/v2\/pages\/11427\/revisions"}],"predecessor-version":[{"id":14890,"href":"https:\/\/casparberger.com\/de\/wp-json\/wp\/v2\/pages\/11427\/revisions\/14890"}],"wp:attachment":[{"href":"https:\/\/casparberger.com\/de\/wp-json\/wp\/v2\/media?parent=11427"}],"curies":[{"name":"wp","href":"https:\/\/api.w.org\/{rel}","templated":true}]}}